{"id":692,"date":"2016-03-10T14:36:36","date_gmt":"2016-03-10T14:36:36","guid":{"rendered":"http:\/\/houzez01.favethemes.com\/?page_id=692"},"modified":"2026-03-06T09:45:10","modified_gmt":"2026-03-06T08:45:10","slug":"our-properties-2","status":"publish","type":"page","link":"https:\/\/goodfinance.com.pl\/?page_id=692","title":{"rendered":"O nas"},"content":{"rendered":"\t\t<div data-elementor-type=\"wp-post\" data-elementor-id=\"692\" class=\"elementor elementor-692\">\n\t\t\t\t\t\t<section class=\"elementor-section elementor-top-section elementor-element elementor-element-3ac69b40 elementor-section-boxed elementor-section-height-default elementor-section-height-default\" data-id=\"3ac69b40\" data-element_type=\"section\" data-e-type=\"section\" data-settings=\"{&quot;background_background&quot;:&quot;classic&quot;}\">\n\t\t\t\t\t\t<div class=\"elementor-container elementor-column-gap-default\">\n\t\t\t\t\t<div class=\"elementor-column elementor-col-100 elementor-top-column elementor-element elementor-element-65587e\" data-id=\"65587e\" data-element_type=\"column\" data-e-type=\"column\">\n\t\t\t<div class=\"elementor-widget-wrap elementor-element-populated\">\n\t\t\t\t\t\t<div class=\"elementor-element elementor-element-55fa04ec elementor-widget elementor-widget-spacer\" data-id=\"55fa04ec\" data-element_type=\"widget\" data-e-type=\"widget\" data-widget_type=\"spacer.default\">\n\t\t\t\t\t\t\t<div class=\"elementor-spacer\">\n\t\t\t<div class=\"elementor-spacer-inner\"><\/div>\n\t\t<\/div>\n\t\t\t\t\t\t<\/div>\n\t\t\t\t<div class=\"elementor-element elementor-element-4df0c998 animated-slow elementor-invisible elementor-widget elementor-widget-houzez_elementor_section_title\" data-id=\"4df0c998\" data-element_type=\"widget\" data-e-type=\"widget\" data-settings=\"{&quot;_animation&quot;:&quot;fadeIn&quot;}\" data-widget_type=\"houzez_elementor_section_title.default\">\n\t\t\t\t<div class=\"elementor-widget-container\">\n\t\t\t\t\t            <div class=\"houzez_section_title_wrap section-title-module\">\n                                    <h2 class=\"houzez_section_title\">Dlaczego wybra\u0107 GoodFinance?<\/h2>\n                \n                            <\/div>\n            \t\t\t\t<\/div>\n\t\t\t\t<\/div>\n\t\t\t\t<div class=\"elementor-element elementor-element-12e937dc elementor-widget elementor-widget-text-editor\" data-id=\"12e937dc\" data-element_type=\"widget\" data-e-type=\"widget\" data-widget_type=\"text-editor.default\">\n\t\t\t\t\t\t\t\t\t<p data-start=\"111\" data-end=\"375\"><strong data-start=\"111\" data-end=\"126\">GoodFinance<\/strong> to firma specjalizuj\u0105ca si\u0119 w kompleksowym po\u015brednictwie w sprzeda\u017cy oraz nabyciu nieruchomo\u015bci w Turcji i w Polsce. Wspieramy naszych klient\u00f3w na ka\u017cdym etapie transakcji \u2013 od wyboru odpowiedniej oferty, przez negocjacje, a\u017c po finalizacj\u0119 zakupu.<\/p><p data-start=\"377\" data-end=\"625\">Posiadamy do\u015bwiadczenie zar\u00f3wno w sprzeda\u017cy nieruchomo\u015bci na rynku krajowym, jak i w bezpiecznym przeprowadzaniu transakcji zagranicznych, w szczeg\u00f3lno\u015bci w Turcji. Dbamy o pe\u0142n\u0105 transparentno\u015b\u0107, bezpiecze\u0144stwo prawne oraz komfort naszych klient\u00f3w.<\/p><p data-start=\"627\" data-end=\"918\">Oferujemy r\u00f3wnie\u017c pomoc w uzyskaniu finansowania \u2013 kredyt\u00f3w hipotecznych oraz innych form kredytowania (z wy\u0142\u0105czeniem chwil\u00f3wek). Wsp\u00f3\u0142pracujemy ze sprawdzonymi instytucjami finansowymi, dzi\u0119ki czemu pomagamy dobra\u0107 najkorzystniejsze rozwi\u0105zania dopasowane do indywidualnej sytuacji klienta.<\/p><p data-start=\"920\" data-end=\"1097\">Zapewniamy kompleksow\u0105 obs\u0142ug\u0119, profesjonalne doradztwo oraz indywidualne podej\u015bcie. Naszym celem jest bezpiecze\u0144stwo, wygoda i satysfakcja klient\u00f3w na ka\u017cdym etapie wsp\u00f3\u0142pracy.<\/p>\t\t\t\t\t\t\t\t<\/div>\n\t\t\t\t<div class=\"elementor-element elementor-element-565e0db3 elementor-widget elementor-widget-spacer\" data-id=\"565e0db3\" data-element_type=\"widget\" data-e-type=\"widget\" data-widget_type=\"spacer.default\">\n\t\t\t\t\t\t\t<div class=\"elementor-spacer\">\n\t\t\t<div class=\"elementor-spacer-inner\"><\/div>\n\t\t<\/div>\n\t\t\t\t\t\t<\/div>\n\t\t\t\t\t<\/div>\n\t\t<\/div>\n\t\t\t\t\t<\/div>\n\t\t<\/section>\n\t\t\t\t<section class=\"elementor-section elementor-top-section elementor-element elementor-element-575409f6 elementor-section-boxed elementor-section-height-default elementor-section-height-default\" data-id=\"575409f6\" data-element_type=\"section\" data-e-type=\"section\">\n\t\t\t\t\t\t<div class=\"elementor-container elementor-column-gap-default\">\n\t\t\t\t\t<div class=\"elementor-column elementor-col-100 elementor-top-column elementor-element elementor-element-7f4acf9\" data-id=\"7f4acf9\" data-element_type=\"column\" data-e-type=\"column\">\n\t\t\t<div class=\"elementor-widget-wrap elementor-element-populated\">\n\t\t\t\t\t\t<div class=\"elementor-element elementor-element-650b3c63 elementor-widget elementor-widget-spacer\" data-id=\"650b3c63\" data-element_type=\"widget\" data-e-type=\"widget\" data-widget_type=\"spacer.default\">\n\t\t\t\t\t\t\t<div class=\"elementor-spacer\">\n\t\t\t<div class=\"elementor-spacer-inner\"><\/div>\n\t\t<\/div>\n\t\t\t\t\t\t<\/div>\n\t\t\t\t<div class=\"elementor-element elementor-element-1fcf26a4 animated-slow elementor-invisible elementor-widget elementor-widget-houzez_elementor_section_title\" data-id=\"1fcf26a4\" data-element_type=\"widget\" data-e-type=\"widget\" data-settings=\"{&quot;_animation&quot;:&quot;fadeIn&quot;}\" data-widget_type=\"houzez_elementor_section_title.default\">\n\t\t\t\t<div class=\"elementor-widget-container\">\n\t\t\t\t\t            <div class=\"houzez_section_title_wrap section-title-module\">\n                                    <h2 class=\"houzez_section_title\">Nasz Blog<\/h2>\n                \n                            <\/div>\n            \t\t\t\t<\/div>\n\t\t\t\t<\/div>\n\t\t\t\t<section class=\"elementor-section elementor-inner-section elementor-element elementor-element-9acb3f3 elementor-section-boxed elementor-section-height-default elementor-section-height-default\" data-id=\"9acb3f3\" data-element_type=\"section\" data-e-type=\"section\">\n\t\t\t\t\t\t<div class=\"elementor-container elementor-column-gap-default\">\n\t\t\t\t\t<div class=\"elementor-column elementor-col-100 elementor-inner-column elementor-element elementor-element-757b2ef2\" data-id=\"757b2ef2\" data-element_type=\"column\" data-e-type=\"column\">\n\t\t\t<div class=\"elementor-widget-wrap elementor-element-populated\">\n\t\t\t\t\t\t<div class=\"elementor-element elementor-element-30c39244 elementor-widget elementor-widget-houzez_elementor_blog_posts\" data-id=\"30c39244\" data-element_type=\"widget\" data-e-type=\"widget\" data-widget_type=\"houzez_elementor_blog_posts.default\">\n\t\t\t\t<div class=\"elementor-widget-container\">\n\t\t\t\t\t\n        <div class=\"blog-posts-module blog-posts-module-v1\">\n            <div class=\"row row-cols-1 row-cols-md-2 row-cols-lg-3 row-cols-xl-4 g-3\">\n                <div class=\"blog-post-item-wrap\">\n\t<div id=\"post-8267\" class=\"blog-post-item blog-post-item-v1 mb-3 post-8267 post type-post status-publish format-standard has-post-thumbnail hentry category-business category-construction category-marketing tag-bik tag-dokumenty-do-kredytu tag-doradca-kredytowy tag-formalnosci-przy-zakupie-mieszkania tag-kredyt-hipoteczny-2026 tag-pierwsze-mieszkanie tag-proces-zakupu-nieruchomosci tag-wklad-wlasny tag-zakup-mieszkania-krok-po-kroku tag-zdolnosc-kredytowa\">\n\t\t\n\t\t\t\t<div class=\"blog-post-thumb\">\n\t\t\t<a href=\"https:\/\/goodfinance.com.pl\/?p=8267\" class=\"hover-effect image-wrap\">\n\t\t\t\t<img fetchpriority=\"high\" decoding=\"async\" width=\"1024\" height=\"1024\" src=\"https:\/\/goodfinance.com.pl\/wp-content\/uploads\/2026\/03\/unnamed-2.jpg\" class=\"img-fluid wp-post-image\" alt=\"\" srcset=\"https:\/\/goodfinance.com.pl\/wp-content\/uploads\/2026\/03\/unnamed-2.jpg 1024w, https:\/\/goodfinance.com.pl\/wp-content\/uploads\/2026\/03\/unnamed-2-780x780.jpg 780w\" sizes=\"(max-width: 1024px) 100vw, 1024px\" \/>\t\t\t<\/a>\n\t\t<\/div><!-- blog-post-thumb -->\n\t\t\n\t\t<div class=\"blog-post-content-wrap\">\n\t\t\t<div class=\"blog-post-meta small\">\n\t\t\t\t<ul class=\"list-inline d-flex align-items-center mb-1\">\n\t\t\t\t\t\t\t\t\t\t<li class=\"list-inline-item\">\n\t\t\t\t\t\t<time datetime=\"2026-03-03\"><i class=\"houzez-icon icon-calendar-3 me-1\"><\/i> 2026-03-03<\/time>\n\t\t\t\t\t<\/li>\n\t\t\t\t\t\n\t\t\t\t\t\t\t\t\t\t<li class=\"list-inline-item\">\n\t\t\t\t\t\t<i class=\"houzez-icon icon-tags me-1\"><\/i> <a href=\"https:\/\/goodfinance.com.pl\/?cat=2\" rel=\"category\">Business<\/a>, <a href=\"https:\/\/goodfinance.com.pl\/?cat=3\" rel=\"category\">Construction<\/a>, <a href=\"https:\/\/goodfinance.com.pl\/?cat=4\" rel=\"category\">Marketing<\/a>\t\t\t\t\t<\/li>\n\t\t\t\t\t\n\t\t\t\t<\/ul>\n\t\t\t<\/div><!-- blog-post-meta -->\n\t\t\t<div class=\"blog-post-title\">\n\t\t\t\t<h3 class=\"mb-1\"><a href=\"https:\/\/goodfinance.com.pl\/?p=8267\">Jak przygotowa\u0107 si\u0119 do zakupu pierwszego mieszkania? Praktyczny poradnik<\/a><\/h3>\n\t\t\t<\/div><!-- blog-post-title -->\n\t\t\t<div class=\"blog-post-body mb-1\">\n\t\t\t\tKrok 1 \u2013 Sprawd\u017a swoj\u0105 zdolno\u015b\u0107 kredytow\u0105 Zanim zaczniesz ogl\u0105da\u0107 mieszkania,...\t\t\t<\/div><!-- blog-post-body -->\n\t\t\t<div class=\"blog-post-link small\">\n\t\t\t\t<a href=\"https:\/\/goodfinance.com.pl\/?p=8267\">Kontynuuj czytanie<\/a>\n\t\t\t<\/div><!-- blog-post-link -->\n\t\t<\/div><!-- blog-post-content-wrap -->\n\t\t\t\t<div class=\"blog-post-author\">\n\t\t\t<i class=\"houzez-icon icon-single-neutral me-1\"><\/i> przez admin-jrgT6kbN\t\t<\/div>\n\t\t\t<\/div><!-- blog-post-item -->\n<\/div><!-- blog-post-item-wrap --><div class=\"blog-post-item-wrap\">\n\t<div id=\"post-8264\" class=\"blog-post-item blog-post-item-v1 mb-3 post-8264 post type-post status-publish format-standard has-post-thumbnail hentry category-business category-construction category-marketing tag-koszty-zakupu-nieruchomosci tag-nowe-mieszkanie-od-dewelopera tag-podatek-pcc tag-rynek-pierwotny tag-rynek-wtorny tag-zakup-mieszkania\">\n\t\t\n\t\t\t\t<div class=\"blog-post-thumb\">\n\t\t\t<a href=\"https:\/\/goodfinance.com.pl\/?p=8264\" class=\"hover-effect image-wrap\">\n\t\t\t\t<img decoding=\"async\" width=\"1024\" height=\"1024\" src=\"https:\/\/goodfinance.com.pl\/wp-content\/uploads\/2026\/03\/unnamed-1.jpg\" class=\"img-fluid wp-post-image\" alt=\"\" srcset=\"https:\/\/goodfinance.com.pl\/wp-content\/uploads\/2026\/03\/unnamed-1.jpg 1024w, https:\/\/goodfinance.com.pl\/wp-content\/uploads\/2026\/03\/unnamed-1-780x780.jpg 780w\" sizes=\"(max-width: 1024px) 100vw, 1024px\" \/>\t\t\t<\/a>\n\t\t<\/div><!-- blog-post-thumb -->\n\t\t\n\t\t<div class=\"blog-post-content-wrap\">\n\t\t\t<div class=\"blog-post-meta small\">\n\t\t\t\t<ul class=\"list-inline d-flex align-items-center mb-1\">\n\t\t\t\t\t\t\t\t\t\t<li class=\"list-inline-item\">\n\t\t\t\t\t\t<time datetime=\"2026-03-03\"><i class=\"houzez-icon icon-calendar-3 me-1\"><\/i> 2026-03-03<\/time>\n\t\t\t\t\t<\/li>\n\t\t\t\t\t\n\t\t\t\t\t\t\t\t\t\t<li class=\"list-inline-item\">\n\t\t\t\t\t\t<i class=\"houzez-icon icon-tags me-1\"><\/i> <a href=\"https:\/\/goodfinance.com.pl\/?cat=2\" rel=\"category\">Business<\/a>, <a href=\"https:\/\/goodfinance.com.pl\/?cat=3\" rel=\"category\">Construction<\/a>, <a href=\"https:\/\/goodfinance.com.pl\/?cat=4\" rel=\"category\">Marketing<\/a>\t\t\t\t\t<\/li>\n\t\t\t\t\t\n\t\t\t\t<\/ul>\n\t\t\t<\/div><!-- blog-post-meta -->\n\t\t\t<div class=\"blog-post-title\">\n\t\t\t\t<h3 class=\"mb-1\"><a href=\"https:\/\/goodfinance.com.pl\/?p=8264\">Mieszkanie z rynku pierwotnego czy wt\u00f3rnego \u2013 co wybra\u0107?<\/a><\/h3>\n\t\t\t<\/div><!-- blog-post-title -->\n\t\t\t<div class=\"blog-post-body mb-1\">\n\t\t\t\tCzym r\u00f3\u017cni si\u0119 rynek pierwotny od wt\u00f3rnego? Rynek pierwotny \u2013 mieszkania kupowane...\t\t\t<\/div><!-- blog-post-body -->\n\t\t\t<div class=\"blog-post-link small\">\n\t\t\t\t<a href=\"https:\/\/goodfinance.com.pl\/?p=8264\">Kontynuuj czytanie<\/a>\n\t\t\t<\/div><!-- blog-post-link -->\n\t\t<\/div><!-- blog-post-content-wrap -->\n\t\t\t\t<div class=\"blog-post-author\">\n\t\t\t<i class=\"houzez-icon icon-single-neutral me-1\"><\/i> przez admin-jrgT6kbN\t\t<\/div>\n\t\t\t<\/div><!-- blog-post-item -->\n<\/div><!-- blog-post-item-wrap --><div class=\"blog-post-item-wrap\">\n\t<div id=\"post-8261\" class=\"blog-post-item blog-post-item-v1 mb-3 post-8261 post type-post status-publish format-standard has-post-thumbnail hentry category-business category-construction category-marketing tag-ceny-mieszkan-2026 tag-inwestycja-w-nieruchomosci tag-kredyt-hipoteczny tag-mieszkanie-na-wlasne-potrzeby tag-rynek-nieruchomosci tag-stopy-procentowe tag-zakup-mieszkania\">\n\t\t\n\t\t\t\t<div class=\"blog-post-thumb\">\n\t\t\t<a href=\"https:\/\/goodfinance.com.pl\/?p=8261\" class=\"hover-effect image-wrap\">\n\t\t\t\t<img decoding=\"async\" width=\"1024\" height=\"1024\" src=\"https:\/\/goodfinance.com.pl\/wp-content\/uploads\/2026\/03\/unnamed.jpg\" class=\"img-fluid wp-post-image\" alt=\"\" srcset=\"https:\/\/goodfinance.com.pl\/wp-content\/uploads\/2026\/03\/unnamed.jpg 1024w, https:\/\/goodfinance.com.pl\/wp-content\/uploads\/2026\/03\/unnamed-780x780.jpg 780w\" sizes=\"(max-width: 1024px) 100vw, 1024px\" \/>\t\t\t<\/a>\n\t\t<\/div><!-- blog-post-thumb -->\n\t\t\n\t\t<div class=\"blog-post-content-wrap\">\n\t\t\t<div class=\"blog-post-meta small\">\n\t\t\t\t<ul class=\"list-inline d-flex align-items-center mb-1\">\n\t\t\t\t\t\t\t\t\t\t<li class=\"list-inline-item\">\n\t\t\t\t\t\t<time datetime=\"2026-03-03\"><i class=\"houzez-icon icon-calendar-3 me-1\"><\/i> 2026-03-03<\/time>\n\t\t\t\t\t<\/li>\n\t\t\t\t\t\n\t\t\t\t\t\t\t\t\t\t<li class=\"list-inline-item\">\n\t\t\t\t\t\t<i class=\"houzez-icon icon-tags me-1\"><\/i> <a href=\"https:\/\/goodfinance.com.pl\/?cat=2\" rel=\"category\">Business<\/a>, <a href=\"https:\/\/goodfinance.com.pl\/?cat=3\" rel=\"category\">Construction<\/a>, <a href=\"https:\/\/goodfinance.com.pl\/?cat=4\" rel=\"category\">Marketing<\/a>\t\t\t\t\t<\/li>\n\t\t\t\t\t\n\t\t\t\t<\/ul>\n\t\t\t<\/div><!-- blog-post-meta -->\n\t\t\t<div class=\"blog-post-title\">\n\t\t\t\t<h3 class=\"mb-1\"><a href=\"https:\/\/goodfinance.com.pl\/?p=8261\">Czy 2026 rok to dobry moment na zakup mieszkania? Analiza rynku nieruchomo\u015bci<\/a><\/h3>\n\t\t\t<\/div><!-- blog-post-title -->\n\t\t\t<div class=\"blog-post-body mb-1\">\n\t\t\t\tJak wygl\u0105da rynek nieruchomo\u015bci w 2026 roku? Rynek nieruchomo\u015bci w Polsce pozostaje...\t\t\t<\/div><!-- blog-post-body -->\n\t\t\t<div class=\"blog-post-link small\">\n\t\t\t\t<a href=\"https:\/\/goodfinance.com.pl\/?p=8261\">Kontynuuj czytanie<\/a>\n\t\t\t<\/div><!-- blog-post-link -->\n\t\t<\/div><!-- blog-post-content-wrap -->\n\t\t\t\t<div class=\"blog-post-author\">\n\t\t\t<i class=\"houzez-icon icon-single-neutral me-1\"><\/i> przez admin-jrgT6kbN\t\t<\/div>\n\t\t\t<\/div><!-- blog-post-item -->\n<\/div><!-- blog-post-item-wrap --><div class=\"blog-post-item-wrap\">\n\t<div id=\"post-8257\" class=\"blog-post-item blog-post-item-v1 mb-3 post-8257 post type-post status-publish format-standard has-post-thumbnail hentry category-bez-kategorii tag-analiza-rynku tag-bezpieczny-zakup tag-decyzja-finansowa tag-inwestowanie-w-nieruchomosci tag-inwestycja-kapitalu tag-jak-wybrac-mieszkanie tag-kredyt-hipoteczny tag-kupno-nieruchomosci tag-lokalizacja-nieruchomosci tag-mieszkanie-na-sprzedaz tag-nieruchomosci tag-porady-nieruchomosci tag-rynek-nieruchomosci tag-zakup-mieszkania tag-zakup-pierwszego-mieszkania\">\n\t\t\n\t\t\t\t<div class=\"blog-post-thumb\">\n\t\t\t<a href=\"https:\/\/goodfinance.com.pl\/?p=8257\" class=\"hover-effect image-wrap\">\n\t\t\t\t<img loading=\"lazy\" decoding=\"async\" width=\"1536\" height=\"1024\" src=\"https:\/\/goodfinance.com.pl\/wp-content\/uploads\/2026\/03\/ChatGPT-Image-3-mar-2026-14_15_33.png\" class=\"img-fluid wp-post-image\" alt=\"\" \/>\t\t\t<\/a>\n\t\t<\/div><!-- blog-post-thumb -->\n\t\t\n\t\t<div class=\"blog-post-content-wrap\">\n\t\t\t<div class=\"blog-post-meta small\">\n\t\t\t\t<ul class=\"list-inline d-flex align-items-center mb-1\">\n\t\t\t\t\t\t\t\t\t\t<li class=\"list-inline-item\">\n\t\t\t\t\t\t<time datetime=\"2026-03-03\"><i class=\"houzez-icon icon-calendar-3 me-1\"><\/i> 2026-03-03<\/time>\n\t\t\t\t\t<\/li>\n\t\t\t\t\t\n\t\t\t\t\t\t\t\t\t\t<li class=\"list-inline-item\">\n\t\t\t\t\t\t<i class=\"houzez-icon icon-tags me-1\"><\/i> <a href=\"https:\/\/goodfinance.com.pl\/?cat=1\" rel=\"category\">Bez kategorii<\/a>\t\t\t\t\t<\/li>\n\t\t\t\t\t\n\t\t\t\t<\/ul>\n\t\t\t<\/div><!-- blog-post-meta -->\n\t\t\t<div class=\"blog-post-title\">\n\t\t\t\t<h3 class=\"mb-1\"><a href=\"https:\/\/goodfinance.com.pl\/?p=8257\">Jak wybra\u0107 idealne mieszkanie? 6 kluczowych kryteri\u00f3w przed zakupem<\/a><\/h3>\n\t\t\t<\/div><!-- blog-post-title -->\n\t\t\t<div class=\"blog-post-body mb-1\">\n\t\t\t\tZakup mieszkania to co\u015b wi\u0119cej ni\u017c wyb\u00f3r \u0142adnego wn\u0119trza. To decyzja, kt\u00f3ra wp\u0142ynie na...\t\t\t<\/div><!-- blog-post-body -->\n\t\t\t<div class=\"blog-post-link small\">\n\t\t\t\t<a href=\"https:\/\/goodfinance.com.pl\/?p=8257\">Kontynuuj czytanie<\/a>\n\t\t\t<\/div><!-- blog-post-link -->\n\t\t<\/div><!-- blog-post-content-wrap -->\n\t\t\t\t<div class=\"blog-post-author\">\n\t\t\t<i class=\"houzez-icon icon-single-neutral me-1\"><\/i> przez admin-jrgT6kbN\t\t<\/div>\n\t\t\t<\/div><!-- blog-post-item -->\n<\/div><!-- blog-post-item-wrap -->            <\/div>\n        <\/div>\n\n        \t\t\t\t<\/div>\n\t\t\t\t<\/div>\n\t\t\t\t\t<\/div>\n\t\t<\/div>\n\t\t\t\t\t<\/div>\n\t\t<\/section>\n\t\t\t\t<div class=\"elementor-element elementor-element-7e2b3af4 elementor-widget elementor-widget-spacer\" data-id=\"7e2b3af4\" data-element_type=\"widget\" data-e-type=\"widget\" data-widget_type=\"spacer.default\">\n\t\t\t\t\t\t\t<div class=\"elementor-spacer\">\n\t\t\t<div class=\"elementor-spacer-inner\"><\/div>\n\t\t<\/div>\n\t\t\t\t\t\t<\/div>\n\t\t\t\t\t<\/div>\n\t\t<\/div>\n\t\t\t\t\t<\/div>\n\t\t<\/section>\n\t\t\t\t<section class=\"elementor-section elementor-top-section elementor-element elementor-element-5e6b5b53 elementor-section-content-middle elementor-section-stretched elementor-section-full_width elementor-section-height-default elementor-section-height-default\" data-id=\"5e6b5b53\" data-element_type=\"section\" data-e-type=\"section\" data-settings=\"{&quot;stretch_section&quot;:&quot;section-stretched&quot;,&quot;background_background&quot;:&quot;classic&quot;}\">\n\t\t\t\t\t\t\t<div class=\"elementor-background-overlay\"><\/div>\n\t\t\t\t\t\t\t<div class=\"elementor-container elementor-column-gap-wide\">\n\t\t\t\t\t<div class=\"elementor-column elementor-col-100 elementor-top-column elementor-element elementor-element-38701931\" data-id=\"38701931\" data-element_type=\"column\" data-e-type=\"column\">\n\t\t\t<div class=\"elementor-widget-wrap elementor-element-populated\">\n\t\t\t\t\t\t<div class=\"elementor-element elementor-element-17bf81da elementor-widget elementor-widget-houzez_elementor_space\" data-id=\"17bf81da\" data-element_type=\"widget\" data-e-type=\"widget\" data-widget_type=\"houzez_elementor_space.default\">\n\t\t\t\t<div class=\"elementor-widget-container\">\n\t\t\t\t\t        <div class=\"houzez-spacer\">\n            <div class=\"houzez-spacer-inner\"><\/div>\n        <\/div>\n        \t\t\t\t<\/div>\n\t\t\t\t<\/div>\n\t\t\t\t<section class=\"elementor-section elementor-inner-section elementor-element elementor-element-71e5e023 elementor-section-boxed elementor-section-height-default elementor-section-height-default\" data-id=\"71e5e023\" data-element_type=\"section\" data-e-type=\"section\">\n\t\t\t\t\t\t<div class=\"elementor-container elementor-column-gap-extended\">\n\t\t\t\t\t<div class=\"elementor-column elementor-col-100 elementor-inner-column elementor-element elementor-element-684b39d9\" data-id=\"684b39d9\" data-element_type=\"column\" data-e-type=\"column\">\n\t\t\t<div class=\"elementor-widget-wrap elementor-element-populated\">\n\t\t\t\t\t\t<div class=\"elementor-element elementor-element-6ce186dc animated-slow elementor-invisible elementor-widget elementor-widget-houzez_elementor_section_title\" data-id=\"6ce186dc\" data-element_type=\"widget\" data-e-type=\"widget\" data-settings=\"{&quot;_animation&quot;:&quot;fadeIn&quot;}\" data-widget_type=\"houzez_elementor_section_title.default\">\n\t\t\t\t<div class=\"elementor-widget-container\">\n\t\t\t\t\t            <div class=\"houzez_section_title_wrap section-title-module\">\n                                    <h2 class=\"houzez_section_title\">Referencje<\/h2>\n                \n                            <\/div>\n            \t\t\t\t<\/div>\n\t\t\t\t<\/div>\n\t\t\t\t<div class=\"elementor-element elementor-element-6da4b756 animated-slow elementor-invisible elementor-widget elementor-widget-houzez_elementor_testimonials_v2\" data-id=\"6da4b756\" data-element_type=\"widget\" data-e-type=\"widget\" data-settings=\"{&quot;_animation&quot;:&quot;fadeIn&quot;}\" data-widget_type=\"houzez_elementor_testimonials_v2.default\">\n\t\t\t\t<div class=\"elementor-widget-container\">\n\t\t\t\t\t\n            <div class=\"testimonials-module testimonials-module-slider-v2 testimonials-module-v2\">\n                <div class=\"testimonials-slider-wrap-v2-arrows\"><\/div>\n                <div class=\"testimonials-slider-wrap-v2 houzez-all-slider-wrap\">\n                    <div class=\"testimonial-item testimonial-item-v2 mb-4\">\n\t\t\n\t\t<div class=\"testimonial-icon mb-2\">\n\t\t\t<i class=\"houzez-icon icon-close-quote\"><\/i>\n\t\t<\/div><!-- testimonial-icon -->\n\t\t<div class=\"testimonial-body mb-4\">\n\t\tOgromna wiedza o rynku nieruchomo\u015bci i indywidualne podej\u015bcie do klienta. Czuli\u015bmy si\u0119 zaopiekowani na ka\u017cdym etapie wsp\u00f3\u0142pracy. Bez wahania skorzystamy ponownie.\t<\/div><!-- testimonial-body -->\n\t<div class=\"d-flex align-items-center\">\n\t\t\n\t\t\t\n\n\t\t<div class=\"testimonial-info\">\n\t\t\t<strong class=\"testimonial-name\">Pawe\u0142 Zieli\u0144ski<\/strong><br>\n\t\t\t<em class=\"testimonial-job\">Marketing Manager<\/em>\n\t\t<\/div><!-- testimonial-info -->\n\t<\/div><!-- d-flex -->\n<\/div><!-- testimonial-item --><div class=\"testimonial-item testimonial-item-v2 mb-4\">\n\t\t\n\t\t<div class=\"testimonial-icon mb-2\">\n\t\t\t<i class=\"houzez-icon icon-close-quote\"><\/i>\n\t\t<\/div><!-- testimonial-icon -->\n\t\t<div class=\"testimonial-body mb-4\">\n\t\tDzi\u0119ki wsparciu biura uda\u0142o nam si\u0119 znale\u017a\u0107 idealny dom w bardzo dobrej lokalizacji. Ca\u0142y proces zakupu by\u0142 \u015bwietnie zorganizowany, a formalno\u015bci ograniczone do minimum. Zdecydowanie polecam!\t<\/div><!-- testimonial-body -->\n\t<div class=\"d-flex align-items-center\">\n\t\t\n\t\t\t\n\n\t\t<div class=\"testimonial-info\">\n\t\t\t<strong class=\"testimonial-name\">Micha\u0142 Nowak<\/strong><br>\n\t\t\t<em class=\"testimonial-job\">Dyrektor firmy<\/em>\n\t\t<\/div><!-- testimonial-info -->\n\t<\/div><!-- d-flex -->\n<\/div><!-- testimonial-item --><div class=\"testimonial-item testimonial-item-v2 mb-4\">\n\t\t\n\t\t<div class=\"testimonial-icon mb-2\">\n\t\t\t<i class=\"houzez-icon icon-close-quote\"><\/i>\n\t\t<\/div><!-- testimonial-icon -->\n\t\t<div class=\"testimonial-body mb-4\">\n\t\tPe\u0142en profesjonalizm od pierwszego spotkania a\u017c do finalizacji transakcji. Agent by\u0142 zawsze dost\u0119pny, cierpliwie odpowiada\u0142 na wszystkie pytania i zadba\u0142 o ka\u017cdy szczeg\u00f3\u0142. Sprzeda\u017c mieszkania przebieg\u0142a szybko i bez stresu.\t<\/div><!-- testimonial-body -->\n\t<div class=\"d-flex align-items-center\">\n\t\t\n\t\t\t\n\n\t\t<div class=\"testimonial-info\">\n\t\t\t<strong class=\"testimonial-name\">Anna Kowalska<\/strong><br>\n\t\t\t<em class=\"testimonial-job\">Mened\u017cer sprzeda\u017cy<\/em>\n\t\t<\/div><!-- testimonial-info -->\n\t<\/div><!-- d-flex -->\n<\/div><!-- testimonial-item -->                <\/div><!-- testimonials-slider -->\n            <\/div><!-- testimonials-module -->\n\n        \n\n        \t\t\t\t<\/div>\n\t\t\t\t<\/div>\n\t\t\t\t\t<\/div>\n\t\t<\/div>\n\t\t\t\t\t<\/div>\n\t\t<\/section>\n\t\t\t\t<div class=\"elementor-element elementor-element-e82c1b0 elementor-widget elementor-widget-houzez_elementor_space\" data-id=\"e82c1b0\" data-element_type=\"widget\" data-e-type=\"widget\" data-widget_type=\"houzez_elementor_space.default\">\n\t\t\t\t<div class=\"elementor-widget-container\">\n\t\t\t\t\t        <div class=\"houzez-spacer\">\n            <div class=\"houzez-spacer-inner\"><\/div>\n        <\/div>\n        \t\t\t\t<\/div>\n\t\t\t\t<\/div>\n\t\t\t\t\t<\/div>\n\t\t<\/div>\n\t\t\t\t\t<\/div>\n\t\t<\/section>\n\t\t\t\t<\/div>\n\t\t","protected":false},"excerpt":{"rendered":"<p>Dlaczego wybra\u0107 GoodFinance? GoodFinance to firma specjalizuj\u0105ca si\u0119 w kompleksowym po\u015brednictwie w sprzeda\u017cy oraz nabyciu nieruchomo\u015bci w Turcji i w Polsce. Wspieramy naszych klient\u00f3w na ka\u017cdym etapie transakcji \u2013 od wyboru odpowiedniej oferty, przez negocjacje, a\u017c po finalizacj\u0119 zakupu. Posiadamy do\u015bwiadczenie zar\u00f3wno w sprzeda\u017cy nieruchomo\u015bci na rynku krajowym, jak i w bezpiecznym przeprowadzaniu transakcji zagranicznych, [&hellip;]<\/p>\n","protected":false},"author":1,"featured_media":0,"parent":0,"menu_order":0,"comment_status":"closed","ping_status":"closed","template":"elementor_header_footer","meta":{"content-type":"","footnotes":""},"class_list":["post-692","page","type-page","status-publish","hentry"],"_links":{"self":[{"href":"https:\/\/goodfinance.com.pl\/index.php?rest_route=\/wp\/v2\/pages\/692","targetHints":{"allow":["GET"]}}],"collection":[{"href":"https:\/\/goodfinance.com.pl\/index.php?rest_route=\/wp\/v2\/pages"}],"about":[{"href":"https:\/\/goodfinance.com.pl\/index.php?rest_route=\/wp\/v2\/types\/page"}],"author":[{"embeddable":true,"href":"https:\/\/goodfinance.com.pl\/index.php?rest_route=\/wp\/v2\/users\/1"}],"replies":[{"embeddable":true,"href":"https:\/\/goodfinance.com.pl\/index.php?rest_route=%2Fwp%2Fv2%2Fcomments&post=692"}],"version-history":[{"count":38,"href":"https:\/\/goodfinance.com.pl\/index.php?rest_route=\/wp\/v2\/pages\/692\/revisions"}],"predecessor-version":[{"id":8403,"href":"https:\/\/goodfinance.com.pl\/index.php?rest_route=\/wp\/v2\/pages\/692\/revisions\/8403"}],"wp:attachment":[{"href":"https:\/\/goodfinance.com.pl\/index.php?rest_route=%2Fwp%2Fv2%2Fmedia&parent=692"}],"curies":[{"name":"wp","href":"https:\/\/api.w.org\/{rel}","templated":true}]}}